{"id":17,"date":"2017-10-01T19:19:17","date_gmt":"2017-10-01T19:19:17","guid":{"rendered":"https:\/\/import.brothersthemes.com\/nur\/?page_id=17"},"modified":"2023-09-05T21:58:47","modified_gmt":"2023-09-05T19:58:47","slug":"nosotros","status":"publish","type":"page","link":"https:\/\/www.mackenergygroup.com\/en\/nosotros\/","title":{"rendered":"About Us"},"content":{"rendered":"<section class=\"wpb-content-wrapper\"><section class=\"vc_section city-bg\">\n\t\n<div class=\"container clearfix\">\n\t<div class=\"vc_row wpb_row\">\n\t\t<div class=\"wpb_column vc_column_container vc_col-sm-12\"><div class=\"vc_column-inner\"><div class=\"wpb_wrapper\">\n<div class=\"section-heading\">\n\t<h2 style=\"text-align: center;\">Our History<span class=\"decor-line\"><\/span><\/h2>\n<p style=\"text-align: left;\">Mack Energy Group SPA, was born from the union and vision of Inversiones Black Group SPA and Servicios Industriales Mack S.A., both with a common goal; to promote and lead the development of Renewable Energy projects in Latin America along with providing first class services in this industry.<\/p>\n<\/div>\n<\/div><\/div><\/div>\t<\/div>\n<\/div>\n\n<div class=\"container clearfix\">\n\t<div class=\"vc_row wpb_row\">\n\t\t<div class=\"wpb_column vc_column_container vc_col-sm-6 vc_col-lg-5\"><div class=\"vc_column-inner\"><div class=\"wpb_wrapper\">\n\t<div class=\"wpb_text_column wpb_content_element\" >\n\t\t<div class=\"wpb_wrapper\">\n\t\t\t<p style=\"text-align: left;\"><a href=\"#\">Inversiones Black Group SpA<\/a>through its subsidiaries has developed more than 2500 MW of wind and solar projects, from Greenfield to Ready to Build.<\/p>\n\n\t\t<\/div>\n\t<\/div>\n<\/div><\/div><\/div><div class=\"wpb_column vc_column_container vc_col-sm-6 vc_col-lg-offset-2 vc_col-lg-5\"><div class=\"vc_column-inner\"><div class=\"wpb_wrapper\">\n\t<div class=\"wpb_text_column wpb_content_element\" >\n\t\t<div class=\"wpb_wrapper\">\n\t\t\t<p style=\"text-align: left;\"><a href=\"https:\/\/mackservicios.cl\/\">Servicios Industriales Mack S.A<\/a>leading company in industrial maintenance, development of engineering projects, assembly and specialized industrial cleaning, actively present in the energy, chemical, pulp and paper industries in the country. It also has the certifications; ISO 9001:2015, ISO 140001:2015, ISO 45001:2018 internationally accredited UKAS.<\/p>\n\n\t\t<\/div>\n\t<\/div>\n<\/div><\/div><\/div>\t<\/div>\n<\/div>\n<\/section>\n\n<section class=\"vc_section city-bg vc_custom_1509861512678\">\n\t\n<div class=\"container clearfix\">\n\t<div class=\"vc_row wpb_row\">\n\t\t<div class=\"wpb_column vc_column_container vc_col-sm-4\"><div class=\"vc_column-inner\"><div class=\"wpb_wrapper\">\n<div class=\"feature-box feature-box--large-icon feature-box--icon-circle\">\n\n\t\t\t<div class=\"feature-box-icon\">\n\t\t\t<span class=\"fas fa-mountain\" ><\/span>\n\t\t<\/div>\n\t\n\t<div class=\"feature-box-copy\">\n\t\t<h3>Mision<\/h3>\n<ul>\n<li style=\"text-align: left;\">To deliver comprehensive services as specialists in development, maintenance and consulting in the energy market using world-class standards in safety, health and welfare at work<\/li>\n<li style=\"text-align: left;\">Contributing to a sustainable and sustainable world<\/li>\n<li style=\"text-align: left;\">To be recognized as a company committed to its employees, community and environment<\/li>\n<\/ul>\n\t<\/div>\n\n<\/div>\n<\/div><\/div><\/div><div class=\"wpb_column vc_column_container vc_col-sm-4\"><div class=\"vc_column-inner\"><div class=\"wpb_wrapper\">\n<div class=\"feature-box feature-box--large-icon feature-box--icon-circle\">\n\n\t\t\t<div class=\"feature-box-icon\">\n\t\t\t<span class=\"fas fa-tram\" ><\/span>\n\t\t<\/div>\n\t\n\t<div class=\"feature-box-copy\">\n\t\t<h3>Vision<\/h3>\n<ul>\n<li style=\"text-align: left;\">To be recognized as a company specialized in renewable energies and leader in Latin America, adding value with our work<\/li>\n<\/ul>\n\t<\/div>\n\n<\/div>\n<\/div><\/div><\/div><div class=\"wpb_column vc_column_container vc_col-sm-4\"><div class=\"vc_column-inner\"><div class=\"wpb_wrapper\">\n<div class=\"feature-box feature-box--large-icon feature-box--icon-circle\">\n\n\t\t\t<div class=\"feature-box-icon\">\n\t\t\t<span class=\"fas fa-medal\" ><\/span>\n\t\t<\/div>\n\t\n\t<div class=\"feature-box-copy\">\n\t\t<h3>Values<\/h3>\n<ul>\n<li style=\"text-align: left;\">We care about life and respect for people<\/li>\n<li style=\"text-align: left;\">We are transparent and ethical<\/li>\n<li style=\"text-align: left;\">We care for and respect the environment<\/li>\n<li style=\"text-align: left;\">We keep our word<\/li>\n<li style=\"text-align: left;\">We live excellence<\/li>\n<\/ul>\n\t<\/div>\n\n<\/div>\n<\/div><\/div><\/div>\t<\/div>\n<\/div>\n\n<div class=\"container clearfix\">\n\t<div class=\"vc_row wpb_row\">\n\t\t<div class=\"wpb_column vc_column_container vc_col-sm-12\"><div class=\"vc_column-inner\"><div class=\"wpb_wrapper\">\n<div class=\"section-heading\">\n\t<h2 style=\"text-align: center;\">Board of Directors<span class=\"decor-line\"><\/span><\/h2>\n<\/div>\n<\/div><\/div><\/div>\t<\/div>\n<\/div>\n\n<div class=\"container clearfix\">\n\t<div class=\"vc_row wpb_row\">\n\t\t<div class=\"wpb_column vc_column_container vc_col-sm-4\"><div class=\"vc_column-inner\"><div class=\"wpb_wrapper\">\n\t<div class=\"wpb_text_column wpb_content_element\" >\n\t\t<div class=\"wpb_wrapper\">\n\t\t\t<div class=\"divcentrado\">\n<div class=\"image-container\"><img fetchpriority=\"high\" decoding=\"async\" src=\"https:\/\/mackenergygroup.com\/wp-content\/uploads\/2023\/08\/nuetro_equipo_01-300x300.webp\" alt=\"\" \/><\/div>\n<\/div>\n\n\t\t<\/div>\n\t<\/div>\n\n\t<div class=\"wpb_text_column wpb_content_element\" >\n\t\t<div class=\"wpb_wrapper\">\n\t\t\t<h3 style=\"text-align: center;\">Daniel M\u00fcnzenmayer A.<\/h3>\n<p class=\"sub-color\" style=\"text-align: center;\">Founding Member<br \/>\nCEO<\/p>\n\n\t\t<\/div>\n\t<\/div>\n<\/div><\/div><\/div><div class=\"wpb_column vc_column_container vc_col-sm-4\"><div class=\"vc_column-inner\"><div class=\"wpb_wrapper\">\n\t<div class=\"wpb_text_column wpb_content_element\" >\n\t\t<div class=\"wpb_wrapper\">\n\t\t\t<div class=\"divcentrado\">\n<div class=\"image-container\"><img decoding=\"async\" src=\"https:\/\/mackenergygroup.com\/wp-content\/uploads\/2023\/08\/nuetro_equipo_02-1-300x300.webp\" alt=\"\" \/><\/div>\n<\/div>\n\n\t\t<\/div>\n\t<\/div>\n\n\t<div class=\"wpb_text_column wpb_content_element\" >\n\t\t<div class=\"wpb_wrapper\">\n\t\t\t<h3 style=\"text-align: center;\">Claudio Osorio S.<\/h3>\n<p class=\"sub-color\" style=\"text-align: center;\">Founding Member<\/p>\n\n\t\t<\/div>\n\t<\/div>\n<\/div><\/div><\/div><div class=\"wpb_column vc_column_container vc_col-sm-4\"><div class=\"vc_column-inner\"><div class=\"wpb_wrapper\">\n\t<div class=\"wpb_text_column wpb_content_element\" >\n\t\t<div class=\"wpb_wrapper\">\n\t\t\t<div class=\"divcentrado\">\n<div class=\"image-container\"><img decoding=\"async\" src=\"https:\/\/mackenergygroup.com\/wp-content\/uploads\/2023\/08\/nuetro_equipo_03-300x300.webp\" alt=\"\" \/><\/div>\n<\/div>\n\n\t\t<\/div>\n\t<\/div>\n\n\t<div class=\"wpb_text_column wpb_content_element\" >\n\t\t<div class=\"wpb_wrapper\">\n\t\t\t<h3 style=\"text-align: center;\">Nelson Ruiz F.<\/h3>\n<p class=\"sub-color\" style=\"text-align: center;\">Founding Member<\/p>\n\n\t\t<\/div>\n\t<\/div>\n<\/div><\/div><\/div>\t<\/div>\n<\/div>\n<\/section>\n<\/section>","protected":false},"excerpt":{"rendered":"Nuestra Historia Mack Energy Group SPA, nace de la uni\u00f3n y visi\u00f3n de Inversiones Black Group SPA y Servicios Industriales Mack S.A, ambos con un objetivo en com\u00fan; potenciar y liderar en Latinoam\u00e9rica eI desarrollo de proyectos de Energ\u00eda Renovables junto con proporcionar servicios de primer nivel en esta industria. Inversiones Black Group SpA, a [...]","protected":false},"author":1,"featured_media":0,"parent":0,"menu_order":0,"comment_status":"closed","ping_status":"closed","template":"","meta":[],"_links":{"self":[{"href":"https:\/\/www.mackenergygroup.com\/en\/wp-json\/wp\/v2\/pages\/17"}],"collection":[{"href":"https:\/\/www.mackenergygroup.com\/en\/wp-json\/wp\/v2\/pages"}],"about":[{"href":"https:\/\/www.mackenergygroup.com\/en\/wp-json\/wp\/v2\/types\/page"}],"author":[{"embeddable":true,"href":"https:\/\/www.mackenergygroup.com\/en\/wp-json\/wp\/v2\/users\/1"}],"replies":[{"embeddable":true,"href":"https:\/\/www.mackenergygroup.com\/en\/wp-json\/wp\/v2\/comments?post=17"}],"version-history":[{"count":53,"href":"https:\/\/www.mackenergygroup.com\/en\/wp-json\/wp\/v2\/pages\/17\/revisions"}],"predecessor-version":[{"id":1227,"href":"https:\/\/www.mackenergygroup.com\/en\/wp-json\/wp\/v2\/pages\/17\/revisions\/1227"}],"wp:attachment":[{"href":"https:\/\/www.mackenergygroup.com\/en\/wp-json\/wp\/v2\/media?parent=17"}],"curies":[{"name":"wp","href":"https:\/\/api.w.org\/{rel}","templated":true}]}}