{"id":19,"date":"2017-10-01T19:19:43","date_gmt":"2017-10-01T19:19:43","guid":{"rendered":"https:\/\/import.brothersthemes.com\/nur\/?page_id=19"},"modified":"2023-07-14T18:02:53","modified_gmt":"2023-07-14T16:02:53","slug":"service","status":"publish","type":"page","link":"https:\/\/www.mackenergygroup.com\/en\/service\/","title":{"rendered":"Services"},"content":{"rendered":"<section class=\"wpb-content-wrapper\">\n<section class=\"vc_section\">\n\t\n<div class=\"container clearfix\">\n\t<div class=\"vc_row wpb_row\">\n\t\t<div class=\"wpb_column vc_column_container vc_col-sm-12\"><div class=\"vc_column-inner\"><div class=\"wpb_wrapper\">\n\n\t<div class=\"services-grid\">\n\n\t\t<div class=\"services-grid-inner\"\n\t\t\t\t\t\t>\n\n\t\t\t\n\t\t\t\t<div class=\"services-grid-item\" >\n\n\t\t\t\t\t<div class=\"service-card\">\n\t\t\t\t\t\t<a href=\"https:\/\/www.mackenergygroup.com\/en\/service\/consultoria-gestion-medioambiental\/\" rel=\"bookmark\">\n\t\t\t\t\t\t\t<div class=\"service-card-image\"><img width=\"480\" height=\"288\" src=\"https:\/\/www.mackenergygroup.com\/wp-content\/uploads\/2017\/10\/consultoria_header-480x288.webp\" class=\"attachment-nur_small size-nur_small not-transparent wp-post-image\" alt=\"\" decoding=\"async\" loading=\"lazy\" srcset=\"https:\/\/www.mackenergygroup.com\/wp-content\/uploads\/2017\/10\/consultoria_header-480x288.webp 480w, https:\/\/www.mackenergygroup.com\/wp-content\/uploads\/2017\/10\/consultoria_header-300x180.webp 300w, https:\/\/www.mackenergygroup.com\/wp-content\/uploads\/2017\/10\/consultoria_header-1024x614.webp 1024w, https:\/\/www.mackenergygroup.com\/wp-content\/uploads\/2017\/10\/consultoria_header-768x461.webp 768w, https:\/\/www.mackenergygroup.com\/wp-content\/uploads\/2017\/10\/consultoria_header-1536x922.webp 1536w, https:\/\/www.mackenergygroup.com\/wp-content\/uploads\/2017\/10\/consultoria_header-133x80.webp 133w, https:\/\/www.mackenergygroup.com\/wp-content\/uploads\/2017\/10\/consultoria_header-235x141.webp 235w, https:\/\/www.mackenergygroup.com\/wp-content\/uploads\/2017\/10\/consultoria_header-740x444.webp 740w, https:\/\/www.mackenergygroup.com\/wp-content\/uploads\/2017\/10\/consultoria_header-1520x912.webp 1520w, https:\/\/www.mackenergygroup.com\/wp-content\/uploads\/2017\/10\/consultoria_header-jpg.webp 2000w\" sizes=\"(max-width: 480px) 100vw, 480px\" data-has-transparency=\"false\" data-dominant-color=\"90983a\" style=\"--dominant-color: #90983a;\" \/><\/div>\n\t\t\t\t\t\t\t<h4 class=\"service-card-title\">Environmental Management Consulting<\/h4>\n\t\t\t\t\t\t<\/a>\n\t\t\t\t\t<\/div>\n\n\t\t\t\t<\/div>\n\n\t\t\t\n\t\t\t\t<div class=\"services-grid-item\" >\n\n\t\t\t\t\t<div class=\"service-card\">\n\t\t\t\t\t\t<a href=\"https:\/\/www.mackenergygroup.com\/en\/service\/mantencion-de-parques\/\" rel=\"bookmark\">\n\t\t\t\t\t\t\t<div class=\"service-card-image\"><img width=\"480\" height=\"240\" src=\"https:\/\/www.mackenergygroup.com\/wp-content\/uploads\/2023\/07\/mantencion_img01-1-480x240.webp\" class=\"attachment-nur_small size-nur_small not-transparent wp-post-image\" alt=\"\" decoding=\"async\" loading=\"lazy\" srcset=\"https:\/\/www.mackenergygroup.com\/wp-content\/uploads\/2023\/07\/mantencion_img01-1-480x240.webp 480w, https:\/\/www.mackenergygroup.com\/wp-content\/uploads\/2023\/07\/mantencion_img01-1-300x150.webp 300w, https:\/\/www.mackenergygroup.com\/wp-content\/uploads\/2023\/07\/mantencion_img01-1-1024x512.webp 1024w, https:\/\/www.mackenergygroup.com\/wp-content\/uploads\/2023\/07\/mantencion_img01-1-768x384.webp 768w, https:\/\/www.mackenergygroup.com\/wp-content\/uploads\/2023\/07\/mantencion_img01-1-1536x768.webp 1536w, https:\/\/www.mackenergygroup.com\/wp-content\/uploads\/2023\/07\/mantencion_img01-1-133x67.webp 133w, https:\/\/www.mackenergygroup.com\/wp-content\/uploads\/2023\/07\/mantencion_img01-1-235x118.webp 235w, https:\/\/www.mackenergygroup.com\/wp-content\/uploads\/2023\/07\/mantencion_img01-1-740x370.webp 740w, https:\/\/www.mackenergygroup.com\/wp-content\/uploads\/2023\/07\/mantencion_img01-1-1520x760.webp 1520w, https:\/\/www.mackenergygroup.com\/wp-content\/uploads\/2023\/07\/mantencion_img01-1-jpg.webp 2000w\" sizes=\"(max-width: 480px) 100vw, 480px\" data-has-transparency=\"false\" data-dominant-color=\"647b86\" style=\"--dominant-color: #647b86;\" \/><\/div>\n\t\t\t\t\t\t\t<h4 class=\"service-card-title\">Solar Park Maintenance<\/h4>\n\t\t\t\t\t\t<\/a>\n\t\t\t\t\t<\/div>\n\n\t\t\t\t<\/div>\n\n\t\t\t\n\t\t\t\t<div class=\"services-grid-item\" >\n\n\t\t\t\t\t<div class=\"service-card\">\n\t\t\t\t\t\t<a href=\"https:\/\/www.mackenergygroup.com\/en\/service\/torres-de-medicion\/\" rel=\"bookmark\">\n\t\t\t\t\t\t\t<div class=\"service-card-image\"><img width=\"480\" height=\"240\" src=\"https:\/\/www.mackenergygroup.com\/wp-content\/uploads\/2017\/10\/torres_img01-480x240.webp\" class=\"attachment-nur_small size-nur_small not-transparent wp-post-image\" alt=\"\" decoding=\"async\" loading=\"lazy\" srcset=\"https:\/\/www.mackenergygroup.com\/wp-content\/uploads\/2017\/10\/torres_img01-480x240.webp 480w, https:\/\/www.mackenergygroup.com\/wp-content\/uploads\/2017\/10\/torres_img01-300x150.webp 300w, https:\/\/www.mackenergygroup.com\/wp-content\/uploads\/2017\/10\/torres_img01-1024x512.webp 1024w, https:\/\/www.mackenergygroup.com\/wp-content\/uploads\/2017\/10\/torres_img01-768x384.webp 768w, https:\/\/www.mackenergygroup.com\/wp-content\/uploads\/2017\/10\/torres_img01-1536x768.webp 1536w, https:\/\/www.mackenergygroup.com\/wp-content\/uploads\/2017\/10\/torres_img01-133x67.webp 133w, https:\/\/www.mackenergygroup.com\/wp-content\/uploads\/2017\/10\/torres_img01-235x118.webp 235w, https:\/\/www.mackenergygroup.com\/wp-content\/uploads\/2017\/10\/torres_img01-740x370.webp 740w, https:\/\/www.mackenergygroup.com\/wp-content\/uploads\/2017\/10\/torres_img01-1520x760.webp 1520w, https:\/\/www.mackenergygroup.com\/wp-content\/uploads\/2017\/10\/torres_img01-jpg.webp 2000w\" sizes=\"(max-width: 480px) 100vw, 480px\" data-has-transparency=\"false\" data-dominant-color=\"6090d2\" style=\"--dominant-color: #6090d2;\" \/><\/div>\n\t\t\t\t\t\t\t<h4 class=\"service-card-title\">Wind Measuring Towers (MET)<\/h4>\n\t\t\t\t\t\t<\/a>\n\t\t\t\t\t<\/div>\n\n\t\t\t\t<\/div>\n\n\t\t\t\n\t\t\t\n\t\t<\/div>\n\n\t<\/div>\n\n<\/div><\/div><\/div>\t<\/div>\n<\/div>\n<\/section>\n\n<\/section>","protected":false},"excerpt":{"rendered":"ServiciosMantenci\u00f3n de Parques Consultor\u00eda Gesti\u00f3n Medioambiental Torres para Medici\u00f3n de Recurso E\u00f3lico Fabricaci\u00f3n y Montaje Maestranza propia Memoria de calculo Galvanizado en caliente Soldadura de \u00faltima tecnolog\u00eda (TIG) Torres de hasta 150m","protected":false},"author":1,"featured_media":0,"parent":0,"menu_order":0,"comment_status":"closed","ping_status":"closed","template":"","meta":[],"_links":{"self":[{"href":"https:\/\/www.mackenergygroup.com\/en\/wp-json\/wp\/v2\/pages\/19"}],"collection":[{"href":"https:\/\/www.mackenergygroup.com\/en\/wp-json\/wp\/v2\/pages"}],"about":[{"href":"https:\/\/www.mackenergygroup.com\/en\/wp-json\/wp\/v2\/types\/page"}],"author":[{"embeddable":true,"href":"https:\/\/www.mackenergygroup.com\/en\/wp-json\/wp\/v2\/users\/1"}],"replies":[{"embeddable":true,"href":"https:\/\/www.mackenergygroup.com\/en\/wp-json\/wp\/v2\/comments?post=19"}],"version-history":[{"count":1,"href":"https:\/\/www.mackenergygroup.com\/en\/wp-json\/wp\/v2\/pages\/19\/revisions"}],"predecessor-version":[{"id":673,"href":"https:\/\/www.mackenergygroup.com\/en\/wp-json\/wp\/v2\/pages\/19\/revisions\/673"}],"wp:attachment":[{"href":"https:\/\/www.mackenergygroup.com\/en\/wp-json\/wp\/v2\/media?parent=19"}],"curies":[{"name":"wp","href":"https:\/\/api.w.org\/{rel}","templated":true}]}}