{"id":23,"date":"2017-10-01T19:20:40","date_gmt":"2017-10-01T19:20:40","guid":{"rendered":"https:\/\/import.brothersthemes.com\/nur\/?page_id=23"},"modified":"2023-08-09T22:24:35","modified_gmt":"2023-08-09T20:24:35","slug":"contacto","status":"publish","type":"page","link":"https:\/\/www.mackenergygroup.com\/en\/contacto\/","title":{"rendered":"Contact Us"},"content":{"rendered":"<section class=\"wpb-content-wrapper\">\n<div class=\"container-fluid clearfix\">\n\t<div class=\"vc_row wpb_row vc_custom_1690925336609\">\n\t\t<div class=\"wpb_column vc_column_container vc_col-sm-3 vc_col-md-offset-1 vc_col-md-3\"><div class=\"vc_column-inner\"><div class=\"wpb_wrapper\">\n\t<div class=\"wpb_text_column wpb_content_element\" >\n\t\t<div class=\"wpb_wrapper\">\n\t\t\t<h4 style=\"text-align: left;\">Santiago Central Office<\/h4>\n<p><strong>Address<\/strong><br \/>\nAv. Padre Sergio Correa 14500<br \/>\nOffice 310<br \/>\nPiedra Roja &#8211; Colina<br \/>\nSantiago<\/p>\n<p><strong>Email<\/strong><br \/>\n<a href=\"mailto:contacto@mackenergygroup.com\">contacto@mackenergygroup.com<\/a><\/p>\n\n\t\t<\/div>\n\t<\/div>\n<\/div><\/div><\/div><div class=\"wpb_column vc_column_container vc_col-sm-3\"><div class=\"vc_column-inner\"><div class=\"wpb_wrapper\">\n\t<div class=\"wpb_text_column wpb_content_element\" >\n\t\t<div class=\"wpb_wrapper\">\n\t\t\t<h4 style=\"text-align: left;\">Nacimiento Office<\/h4>\n<p><strong>Address<\/strong><br \/>\nAv. Lautaro 15<br \/>\nNacimiento<\/p>\n\n\t\t<\/div>\n\t<\/div>\n<\/div><\/div><\/div><div class=\"wpb_column vc_column_container vc_col-sm-3\"><div class=\"vc_column-inner\"><div class=\"wpb_wrapper\">\n\t<div class=\"wpb_text_column wpb_content_element\" >\n\t\t<div class=\"wpb_wrapper\">\n\t\t\t<h4 style=\"text-align: left;\">Antofagasta Office<\/h4>\n<p><b>Address<\/b><br \/>\nEdificio Punta de Rieles<br \/>\nCondominio Parque Juan L\u00f3pez 2<br \/>\nDepartment 402<br \/>\nAntofagasta<\/p>\n\n\t\t<\/div>\n\t<\/div>\n<\/div><\/div><\/div>\t<\/div>\n<\/div>\n\n<\/section>","protected":false},"excerpt":{"rendered":"Oficina Central Santiago Direcci\u00f3n Av. Padre Sergio Correa 14500 Oficina 310 Piedra Roja - Colina Santiago Email contacto@mackenergygroup.com Oficina Nacimiento Direcci\u00f3n Av. Lautaro 15 Nacimiento Oficina Antofagasta Direcci\u00f3n Edificio Punta de Rieles Condominio Parque Juan L\u00f3pez 2 Departamento 402 Antofagasta","protected":false},"author":1,"featured_media":0,"parent":0,"menu_order":0,"comment_status":"closed","ping_status":"closed","template":"","meta":[],"_links":{"self":[{"href":"https:\/\/www.mackenergygroup.com\/en\/wp-json\/wp\/v2\/pages\/23"}],"collection":[{"href":"https:\/\/www.mackenergygroup.com\/en\/wp-json\/wp\/v2\/pages"}],"about":[{"href":"https:\/\/www.mackenergygroup.com\/en\/wp-json\/wp\/v2\/types\/page"}],"author":[{"embeddable":true,"href":"https:\/\/www.mackenergygroup.com\/en\/wp-json\/wp\/v2\/users\/1"}],"replies":[{"embeddable":true,"href":"https:\/\/www.mackenergygroup.com\/en\/wp-json\/wp\/v2\/comments?post=23"}],"version-history":[{"count":25,"href":"https:\/\/www.mackenergygroup.com\/en\/wp-json\/wp\/v2\/pages\/23\/revisions"}],"predecessor-version":[{"id":1100,"href":"https:\/\/www.mackenergygroup.com\/en\/wp-json\/wp\/v2\/pages\/23\/revisions\/1100"}],"wp:attachment":[{"href":"https:\/\/www.mackenergygroup.com\/en\/wp-json\/wp\/v2\/media?parent=23"}],"curies":[{"name":"wp","href":"https:\/\/api.w.org\/{rel}","templated":true}]}}