{"id":790,"date":"2023-07-17T18:05:32","date_gmt":"2023-07-17T16:05:32","guid":{"rendered":"https:\/\/mackenergygroup.com\/?page_id=790"},"modified":"2023-09-05T14:27:38","modified_gmt":"2023-09-05T12:27:38","slug":"equipamiento","status":"publish","type":"page","link":"https:\/\/www.mackenergygroup.com\/en\/equipamiento\/","title":{"rendered":"Facilities"},"content":{"rendered":"<section class=\"wpb-content-wrapper\">\n<section class=\"vc_section\">\n\t\n<div class=\"container clearfix\">\n\t<div class=\"vc_row wpb_row\">\n\t\t<div class=\"wpb_column vc_column_container vc_col-sm-12\"><div class=\"vc_column-inner\"><div class=\"wpb_wrapper\">\n\t<div class=\"wpb_text_column wpb_content_element\" >\n\t\t<div class=\"wpb_wrapper\">\n\t\t\t<p style=\"text-align: left;\">Our team is composed of highly trained and dedicated professionals whose goal is to provide integral solutions for our clients at all times.<br \/>\nBased in Santiago de Chile, we have a strong regional presence with offices strategically located in Antofagasta and Los Angeles. These locations allow us to be close to our clients operations and projects in different regions of the country, thus facilitating an agile and efficient service.<br \/>\nIn addition, we understand the importance of mobility and flexibility in on-site work, which is why we offer office containers specially designed for use in remote sites and projects. These facilities have all the necessary amenities to ensure an optimal and safe working environment.<br \/>\nAs for our fleet of vehicles, we have a wide variety to meet the needs of our projects. From all-terrain trucks that allow us to reach hard-to-reach places, to vans and boom trucks to transport equipment and materials efficiently. We also have flatbed trucks for transporting bulky loads.<\/p>\n\n\t\t<\/div>\n\t<\/div>\n<\/div><\/div><\/div>\t<\/div>\n<\/div>\n\n<div class=\"container clearfix\">\n\t<div class=\"vc_row wpb_row\">\n\t\t<div class=\"wpb_column vc_column_container vc_col-sm-3\"><div class=\"vc_column-inner\"><div class=\"wpb_wrapper\"><\/div><\/div><\/div><div class=\"wpb_column vc_column_container vc_col-sm-6\"><div class=\"vc_column-inner\"><div class=\"wpb_wrapper\">\n\t<div class=\"wpb_text_column wpb_content_element\" >\n\t\t<div class=\"wpb_wrapper\">\n\t\t\t<div class=\"text-orange cursor-pointer whitespace-normal inline\"><div id=\"metaslider-id-1165\" style=\"width: 100%;\" class=\"ml-slider-3-35-0 metaslider metaslider-flex metaslider-1165 ml-slider ms-theme-default\" role=\"region\" aria-roledescription=\"Slideshow\" aria-label=\"Nueva presentaci\u00f3n de diapositivas\">\n    <div id=\"metaslider_container_1165\">\n        <div id=\"metaslider_1165\">\n            <ul aria-live=\"polite\" class=\"slides\">\n                <li style=\"display: block; width: 100%;\" class=\"slide-1167 ms-image\" aria-roledescription=\"slide\" aria-label=\"slide-1167\"><img src=\"https:\/\/www.mackenergygroup.com\/wp-content\/uploads\/2023\/08\/oficina_santiago_02-jpg.webp\" height=\"1200\" width=\"1800\" alt=\"\" class=\"slider-1165 slide-1167\" title=\"oficina_santiago_02\" \/><\/li>\n                <li style=\"display: none; width: 100%;\" class=\"slide-1168 ms-image\" aria-roledescription=\"slide\" aria-label=\"slide-1168\"><img src=\"https:\/\/www.mackenergygroup.com\/wp-content\/uploads\/2023\/08\/oficina_img02-jpg-1800x1200.webp\" height=\"1200\" width=\"1800\" alt=\"\" class=\"slider-1165 slide-1168\" title=\"oficina_img02\" \/><\/li>\n                <li style=\"display: none; width: 100%;\" class=\"slide-1169 ms-image\" aria-roledescription=\"slide\" aria-label=\"slide-1169\"><img src=\"https:\/\/www.mackenergygroup.com\/wp-content\/uploads\/2023\/08\/oficina_img03-jpg-1800x1200.webp\" height=\"1200\" width=\"1800\" alt=\"\" class=\"slider-1165 slide-1169\" title=\"oficina_img03\" \/><\/li>\n                <li style=\"display: none; width: 100%;\" class=\"slide-1173 ms-image\" aria-roledescription=\"slide\" aria-label=\"slide-1173\"><img src=\"https:\/\/www.mackenergygroup.com\/wp-content\/uploads\/2023\/08\/vehiculos_img01-jpg.webp\" height=\"1200\" width=\"1800\" alt=\"\" class=\"slider-1165 slide-1173\" title=\"vehiculos_img01\" \/><\/li>\n                <li style=\"display: none; width: 100%;\" class=\"slide-1174 ms-image\" aria-roledescription=\"slide\" aria-label=\"slide-1174\"><img src=\"https:\/\/www.mackenergygroup.com\/wp-content\/uploads\/2023\/08\/vehiculos_img02-jpg.webp\" height=\"1200\" width=\"1800\" alt=\"\" class=\"slider-1165 slide-1174\" title=\"vehiculos_img02\" \/><\/li>\n                <li style=\"display: none; width: 100%;\" class=\"slide-1175 ms-image\" aria-roledescription=\"slide\" aria-label=\"slide-1175\"><img src=\"https:\/\/www.mackenergygroup.com\/wp-content\/uploads\/2023\/08\/vehiculos_img03-jpg.webp\" height=\"1200\" width=\"1800\" alt=\"\" class=\"slider-1165 slide-1175\" title=\"vehiculos_img03\" \/><\/li>\n                <li style=\"display: none; width: 100%;\" class=\"slide-1176 ms-image\" aria-roledescription=\"slide\" aria-label=\"slide-1176\"><img src=\"https:\/\/www.mackenergygroup.com\/wp-content\/uploads\/2023\/08\/vehiculos_img04-jpg.webp\" height=\"1200\" width=\"1800\" alt=\"\" class=\"slider-1165 slide-1176\" title=\"vehiculos_img04\" \/><\/li>\n            <\/ul>\n        <\/div>\n        \n    <\/div>\n<\/div><\/div>\n\n\t\t<\/div>\n\t<\/div>\n<\/div><\/div><\/div><div class=\"wpb_column vc_column_container vc_col-sm-3\"><div class=\"vc_column-inner\"><div class=\"wpb_wrapper\"><\/div><\/div><\/div>\t<\/div>\n<\/div>\n\n<div class=\"container clearfix\">\n\t<div class=\"vc_row wpb_row\">\n\t\t<div class=\"wpb_column vc_column_container vc_col-sm-12\"><div class=\"vc_column-inner\"><div class=\"wpb_wrapper\">\n\t<div class=\"wpb_text_column wpb_content_element\" >\n\t\t<div class=\"wpb_wrapper\">\n\t\t\t<p style=\"text-align: left;\">We have a fleet of tractors equipped with hydraulic arms that incorporate adjustable cleaning brushes, allowing us to guarantee an exceptional level of cleanliness in the solar installations we service. These advanced cleaning tools not only ensure optimal efficiency of the solar panels by effectively removing dirt and dust accumulation, but also allow us to adapt to the different cleaning needs of each project.<\/p>\n\n\t\t<\/div>\n\t<\/div>\n<\/div><\/div><\/div>\t<\/div>\n<\/div>\n\n<div class=\"container clearfix\">\n\t<div class=\"vc_row wpb_row\">\n\t\t<div class=\"wpb_column vc_column_container vc_col-sm-3\"><div class=\"vc_column-inner\"><div class=\"wpb_wrapper\"><\/div><\/div><\/div><div class=\"wpb_column vc_column_container vc_col-sm-6\"><div class=\"vc_column-inner\"><div class=\"wpb_wrapper\">\n\t<div class=\"wpb_text_column wpb_content_element\" >\n\t\t<div class=\"wpb_wrapper\">\n\t\t\t<div id=\"metaslider-id-1156\" style=\"width: 100%;\" class=\"ml-slider-3-35-0 metaslider metaslider-flex metaslider-1156 ml-slider ms-theme-default\" role=\"region\" aria-roledescription=\"Slideshow\" aria-label=\"Nueva presentaci\u00f3n de diapositivas\">\n    <div id=\"metaslider_container_1156\">\n        <div id=\"metaslider_1156\">\n            <ul aria-live=\"polite\" class=\"slides\">\n                <li style=\"display: block; width: 100%;\" class=\"slide-1157 ms-image\" aria-roledescription=\"slide\" aria-label=\"slide-1157\"><img src=\"https:\/\/www.mackenergygroup.com\/wp-content\/uploads\/2023\/08\/equipamiento_01-jpg.webp\" height=\"1200\" width=\"1800\" alt=\"\" class=\"slider-1156 slide-1157\" title=\"equipamiento_01\" \/><\/li>\n                <li style=\"display: none; width: 100%;\" class=\"slide-1158 ms-image\" aria-roledescription=\"slide\" aria-label=\"slide-1158\"><img src=\"https:\/\/www.mackenergygroup.com\/wp-content\/uploads\/2023\/08\/equipamiento_02-jpg.webp\" height=\"1200\" width=\"1800\" alt=\"\" class=\"slider-1156 slide-1158\" title=\"equipamiento_02\" \/><\/li>\n                <li style=\"display: none; width: 100%;\" class=\"slide-1159 ms-image\" aria-roledescription=\"slide\" aria-label=\"slide-1159\"><img src=\"https:\/\/www.mackenergygroup.com\/wp-content\/uploads\/2023\/08\/equipamiento_03-jpg.webp\" height=\"1200\" width=\"1800\" alt=\"\" class=\"slider-1156 slide-1159\" title=\"equipamiento_03\" \/><\/li>\n            <\/ul>\n        <\/div>\n        \n    <\/div>\n<\/div>\n\n\t\t<\/div>\n\t<\/div>\n<\/div><\/div><\/div><div class=\"wpb_column vc_column_container vc_col-sm-3\"><div class=\"vc_column-inner\"><div class=\"wpb_wrapper\"><\/div><\/div><\/div>\t<\/div>\n<\/div>\n<\/section>\n\n<\/section>","protected":false},"excerpt":{"rendered":"Nuestro equipo est\u00e1 compuesto por profesionales altamente capacitados y dedicados, cuyo objetivo es brindar soluciones integrales para nuestros clientes en todo momento. Con sede central en Santiago de Chile, contamos con una s\u00f3lida presencia regional con oficinas estrat\u00e9gicamente ubicadas en Antofagasta y Los \u00c1ngeles. Estas ubicaciones nos permiten estar cerca de las operaciones y proyectos [...]","protected":false},"author":1,"featured_media":0,"parent":0,"menu_order":0,"comment_status":"closed","ping_status":"closed","template":"","meta":[],"_links":{"self":[{"href":"https:\/\/www.mackenergygroup.com\/en\/wp-json\/wp\/v2\/pages\/790"}],"collection":[{"href":"https:\/\/www.mackenergygroup.com\/en\/wp-json\/wp\/v2\/pages"}],"about":[{"href":"https:\/\/www.mackenergygroup.com\/en\/wp-json\/wp\/v2\/types\/page"}],"author":[{"embeddable":true,"href":"https:\/\/www.mackenergygroup.com\/en\/wp-json\/wp\/v2\/users\/1"}],"replies":[{"embeddable":true,"href":"https:\/\/www.mackenergygroup.com\/en\/wp-json\/wp\/v2\/comments?post=790"}],"version-history":[{"count":64,"href":"https:\/\/www.mackenergygroup.com\/en\/wp-json\/wp\/v2\/pages\/790\/revisions"}],"predecessor-version":[{"id":1216,"href":"https:\/\/www.mackenergygroup.com\/en\/wp-json\/wp\/v2\/pages\/790\/revisions\/1216"}],"wp:attachment":[{"href":"https:\/\/www.mackenergygroup.com\/en\/wp-json\/wp\/v2\/media?parent=790"}],"curies":[{"name":"wp","href":"https:\/\/api.w.org\/{rel}","templated":true}]}}