{"id":973,"date":"2023-08-01T23:51:50","date_gmt":"2023-08-01T21:51:50","guid":{"rendered":"https:\/\/mackenergygroup.com\/?page_id=973"},"modified":"2023-09-05T14:26:44","modified_gmt":"2023-09-05T12:26:44","slug":"desarrollo-de-proyectos","status":"publish","type":"page","link":"https:\/\/www.mackenergygroup.com\/en\/desarrollo-de-proyectos\/","title":{"rendered":"Project Development"},"content":{"rendered":"<section class=\"wpb-content-wrapper\"><section class=\"vc_section\">\n\t\n<div class=\"container clearfix\">\n\t<div class=\"vc_row wpb_row\">\n\t\t<div class=\"wpb_column vc_column_container vc_col-sm-12\"><div class=\"vc_column-inner\"><div class=\"wpb_wrapper\">\n<div class=\"section-heading\">\n\t<h2 style=\"text-align: center;\">16 years developing solar and wind projects<span class=\"decor-line\"><\/span><\/h2>\n<\/div>\n\n\t<div class=\"wpb_text_column wpb_content_element\" >\n\t\t<div class=\"wpb_wrapper\">\n\t\t\t<p class=\"parrafo-desarrollo\" style=\"text-align: left;\">With more than 16 years of experience in the energy market, Mack Energy Group stands out for specializing in the development of energy projects. Our integrated approach allows us to offer the implementation and maintenance of sustainable and renewable energy solutions. We work with world-class standards in safety, health and welfare at work, ensuring the integrity of our staff and compliance with current regulations. Our passion for contributing to a sustainable and sustainable world drives us to be recognized as leaders in Latin America, adding value through our commitment to the environment, the community and our team.<\/p>\n\n\t\t<\/div>\n\t<\/div>\n<\/div><\/div><\/div>\t<\/div>\n<\/div>\n\n<div class=\"container clearfix\">\n\t<div class=\"vc_row wpb_row vc_row-o-content-middle vc_row-flex\">\n\t\t<div class=\"wpb_column vc_column_container vc_col-sm-4\"><div class=\"vc_column-inner\"><div class=\"wpb_wrapper\">\n<div class=\"counter-box\">\n\t<span class=\"counter-box-number\">+12<\/span>\n\t<h6>Projects Developed<\/h6>\n<\/div>\n<\/div><\/div><\/div><div class=\"wpb_column vc_column_container vc_col-sm-4\"><div class=\"vc_column-inner\"><div class=\"wpb_wrapper\">\n<div class=\"counter-box\">\n\t<span class=\"counter-box-number\">+2500<\/span>\n\t<h6>MW Developed<\/h6>\n<\/div>\n<\/div><\/div><\/div><div class=\"wpb_column vc_column_container vc_col-sm-4\"><div class=\"vc_column-inner\"><div class=\"wpb_wrapper\">\n<div class=\"counter-box\">\n\t<span class=\"counter-box-number\">+500<\/span>\n\t<h6>Pipeline MW Projects in Development<\/h6>\n<\/div>\n<\/div><\/div><\/div>\t<\/div>\n<\/div>\n<\/section>\n\n<div class=\"container-fluid clearfix\">\n\t<div class=\"vc_row wpb_row vc_custom_1510635529303 vc_row-no-padding\">\n\t\t<div class=\"wpb_column vc_column_container vc_col-sm-12\"><div class=\"vc_column-inner\"><div class=\"wpb_wrapper\">\n<div class=\"image-section image-section--cover-image image-section--content-right\">\n\n\t<div class=\"image-section-image\">\n\t\t<img width=\"1425\" height=\"1348\" src=\"https:\/\/www.mackenergygroup.com\/wp-content\/uploads\/2023\/08\/desarrollo_proyectos_mapa_2.png\" class=\"attachment-full size-full has-transparency\" alt=\"\" decoding=\"async\" loading=\"lazy\" srcset=\"https:\/\/www.mackenergygroup.com\/wp-content\/uploads\/2023\/08\/desarrollo_proyectos_mapa_2.png 1425w, https:\/\/www.mackenergygroup.com\/wp-content\/uploads\/2023\/08\/desarrollo_proyectos_mapa_2-300x284.png 300w, https:\/\/www.mackenergygroup.com\/wp-content\/uploads\/2023\/08\/desarrollo_proyectos_mapa_2-1024x969.png 1024w, https:\/\/www.mackenergygroup.com\/wp-content\/uploads\/2023\/08\/desarrollo_proyectos_mapa_2-768x727.png 768w, https:\/\/www.mackenergygroup.com\/wp-content\/uploads\/2023\/08\/desarrollo_proyectos_mapa_2-133x126.png 133w, https:\/\/www.mackenergygroup.com\/wp-content\/uploads\/2023\/08\/desarrollo_proyectos_mapa_2-235x222.png 235w, https:\/\/www.mackenergygroup.com\/wp-content\/uploads\/2023\/08\/desarrollo_proyectos_mapa_2-480x454.png 480w, https:\/\/www.mackenergygroup.com\/wp-content\/uploads\/2023\/08\/desarrollo_proyectos_mapa_2-740x700.png 740w\" sizes=\"(max-width: 1425px) 100vw, 1425px\" data-has-transparency=\"true\" data-dominant-color=\"99c1ab\" style=\"--dominant-color: #99c1ab;\" \/>\t<\/div>\n\n\t<div class=\"container clearfix\">\n\t\t<section class=\"image-section-content\">\n\t\t\t\n<div class=\"section-heading ml-md-0 text-center text-md-left\">\n\t<h2>Current Projects<span class=\"decor-line\"><\/span><\/h2>\n<p>\ud83d\udfe2Sold \ud83d\udd34On sale \u2b55In development<\/p>\n<\/div>\n\n\t<div class=\"wpb_text_column wpb_content_element\" >\n\t\t<div class=\"wpb_wrapper\">\n\t\t\t<p><strong>Arica and Parinacota Region<\/strong><br \/>\n\u2b55Total <strong>500 MW<\/strong><\/p>\n<p><strong>Tarapac\u00e1 Region<\/strong><\/p>\n<p>\ud83d\udfe2Iquique Solar Park <strong>131MW<\/strong><br \/>\n\u2b55Monastery Solar Park <strong>500MW<\/strong><\/p>\n<p><strong>Antofagasta Region<\/strong><br \/>\n\ud83d\udfe2Kimal Solar Park <strong>251 MW<\/strong><br \/>\n\ud83d\udd34 Lince Solar Park <strong>75 MW<\/strong><br \/>\n\ud83d\udd34Frontier Solar Park <strong>120 MW<\/strong><\/p>\n<p><strong>Atacama Region<\/strong><br \/>\n\ud83d\udfe2Candelaria Solar Park <strong>193 MW<\/strong><br \/>\n\ud83d\udfe2Minas Solar Park <strong>63 MW<\/strong><\/p>\n\n\t\t<\/div>\n\t<\/div>\n\t\t<\/section>\n\t<\/div>\n\n<\/div>\n<\/div><\/div><\/div>\t<\/div>\n<\/div>\n<\/section>","protected":false},"excerpt":{"rendered":"16 a\u00f1os desarrollando proyectos solares y e\u00f3licos Con m\u00e1s de 16 a\u00f1os de experiencia en el mercado de la energ\u00eda, en Mack Energy Group nos destacamos por nuestra especializaci\u00f3n en el desarrollo de proyectos energ\u00e9ticos. Nuestro enfoque integral nos permite ofrecer la implementaci\u00f3n y mantenimiento de soluciones energ\u00e9ticas sostenibles y renovables. Trabajamos con est\u00e1ndares de [...]","protected":false},"author":1,"featured_media":0,"parent":0,"menu_order":0,"comment_status":"closed","ping_status":"closed","template":"","meta":[],"_links":{"self":[{"href":"https:\/\/www.mackenergygroup.com\/en\/wp-json\/wp\/v2\/pages\/973"}],"collection":[{"href":"https:\/\/www.mackenergygroup.com\/en\/wp-json\/wp\/v2\/pages"}],"about":[{"href":"https:\/\/www.mackenergygroup.com\/en\/wp-json\/wp\/v2\/types\/page"}],"author":[{"embeddable":true,"href":"https:\/\/www.mackenergygroup.com\/en\/wp-json\/wp\/v2\/users\/1"}],"replies":[{"embeddable":true,"href":"https:\/\/www.mackenergygroup.com\/en\/wp-json\/wp\/v2\/comments?post=973"}],"version-history":[{"count":26,"href":"https:\/\/www.mackenergygroup.com\/en\/wp-json\/wp\/v2\/pages\/973\/revisions"}],"predecessor-version":[{"id":1215,"href":"https:\/\/www.mackenergygroup.com\/en\/wp-json\/wp\/v2\/pages\/973\/revisions\/1215"}],"wp:attachment":[{"href":"https:\/\/www.mackenergygroup.com\/en\/wp-json\/wp\/v2\/media?parent=973"}],"curies":[{"name":"wp","href":"https:\/\/api.w.org\/{rel}","templated":true}]}}